{"id":844,"date":"2025-07-26T09:58:54","date_gmt":"2025-07-26T13:58:54","guid":{"rendered":"https:\/\/boreart.mahlea.ca\/nos-produits\/panneaux-architecturaux-pour-murs-et-plafonds\/saint-charles\/"},"modified":"2026-03-02T10:53:07","modified_gmt":"2026-03-02T14:53:07","slug":"saint-charles","status":"publish","type":"page","link":"https:\/\/www.boreart.ca\/fr\/nos-produits\/panneaux-architecturaux-pour-murs-et-plafonds\/saint-charles\/","title":{"rendered":"Saint-Charles"},"content":{"rendered":"\n<p>Nos murs et plafonds architecturaux sont fabriqu\u00e9s \u00e0 partir de panneaux de bois d&rsquo;ing\u00e9nierie ignifug\u00e9s trait\u00e9s pour r\u00e9pondre \u00e0 la certification Classe A \/ Classe 1. Con\u00e7us pour une utilisation en int\u00e9rieur dans des environnements r\u00e9sidentiels, commerciaux et institutionnels, ils offrent un confort acoustique et une esth\u00e9tique raffin\u00e9e partout o\u00f9 des panneaux non structurels sont n\u00e9cessaires.<\/p>\n\n\n\n<p><\/p>\n","protected":false},"excerpt":{"rendered":"<p>Nos murs et plafonds architecturaux sont fabriqu\u00e9s \u00e0 partir de panneaux de bois d&rsquo;ing\u00e9nierie ignifug\u00e9s trait\u00e9s pour r\u00e9pondre \u00e0 la certification Classe A \/ Classe 1. Con\u00e7us pour une utilisation en int\u00e9rieur dans des environnements r\u00e9sidentiels, commerciaux et institutionnels, ils offrent un confort acoustique et une esth\u00e9tique raffin\u00e9e partout o\u00f9 des panneaux non structurels sont [&hellip;]<\/p>\n","protected":false},"author":1,"featured_media":0,"parent":776,"menu_order":1,"comment_status":"closed","ping_status":"closed","template":"product_item.php","meta":{"_acf_changed":false,"footnotes":""},"class_list":["post-844","page","type-page","status-publish","hentry"],"acf":[],"_links":{"self":[{"href":"https:\/\/www.boreart.ca\/fr\/wp-json\/wp\/v2\/pages\/844","targetHints":{"allow":["GET"]}}],"collection":[{"href":"https:\/\/www.boreart.ca\/fr\/wp-json\/wp\/v2\/pages"}],"about":[{"href":"https:\/\/www.boreart.ca\/fr\/wp-json\/wp\/v2\/types\/page"}],"author":[{"embeddable":true,"href":"https:\/\/www.boreart.ca\/fr\/wp-json\/wp\/v2\/users\/1"}],"replies":[{"embeddable":true,"href":"https:\/\/www.boreart.ca\/fr\/wp-json\/wp\/v2\/comments?post=844"}],"version-history":[{"count":14,"href":"https:\/\/www.boreart.ca\/fr\/wp-json\/wp\/v2\/pages\/844\/revisions"}],"predecessor-version":[{"id":1594,"href":"https:\/\/www.boreart.ca\/fr\/wp-json\/wp\/v2\/pages\/844\/revisions\/1594"}],"up":[{"embeddable":true,"href":"https:\/\/www.boreart.ca\/fr\/wp-json\/wp\/v2\/pages\/776"}],"wp:attachment":[{"href":"https:\/\/www.boreart.ca\/fr\/wp-json\/wp\/v2\/media?parent=844"}],"curies":[{"name":"wp","href":"https:\/\/api.w.org\/{rel}","templated":true}]}}