{"id":829,"date":"2025-09-15T13:02:57","date_gmt":"2025-09-15T17:02:57","guid":{"rendered":"https:\/\/boreart.mahlea.ca\/nos-produits\/ornamental-ventilation-grilles\/v3-linear\/"},"modified":"2025-10-10T11:02:36","modified_gmt":"2025-10-10T15:02:36","slug":"v3-lineaire","status":"publish","type":"page","link":"https:\/\/www.boreart.ca\/fr\/nos-produits\/ornamental-ventilation-grilles\/v3-lineaire\/","title":{"rendered":"V3 &#8211; Lin\u00e9aire"},"content":{"rendered":"\n<p class=\"has-text-align-left\">Nos grilles de ventilation haut de gamme sont con\u00e7ues pour ne plus \u00eatre dissimul\u00e9es, mais mises en valeur comme de v\u00e9ritables \u0153uvres murales. Inspir\u00e9es de motifs multiculturels, elles transforment un \u00e9l\u00e9ment utilitaire en pi\u00e8ce ma\u00eetresse d\u00e9corative, \u00e0 la fois fonctionnelle et artistique. Osez montrer ce que d\u2019autres cherchent \u00e0 cacher.<\/p>\n\n\n\n<ul class=\"wp-block-list\">\n<li>INNOVATION\u00a0: insertion amovible avec motif interchangeable<\/li>\n\n\n\n<li>Convient aux planchers et aux murs<\/li>\n\n\n\n<li>Fabriqu\u00e9e \u00e0 100% en ALUMINIUM<\/li>\n\n\n\n<li>Finition thermolaqu\u00e9e r\u00e9sistante aux \u00e9gratignures, \u00e0 la rouille et \u00e0 l\u2019humidit\u00e9<\/li>\n\n\n\n<li>Installation facile \u00a0<\/li>\n\n\n\n<li>Solide et r\u00e9sistant<\/li>\n\n\n\n<li>Assure une circulation d\u2019air optimale<\/li>\n<\/ul>\n\n\n\n<p><\/p>\n","protected":false},"excerpt":{"rendered":"<p>Nos grilles de ventilation haut de gamme sont con\u00e7ues pour ne plus \u00eatre dissimul\u00e9es, mais mises en valeur comme de v\u00e9ritables \u0153uvres murales. Inspir\u00e9es de motifs multiculturels, elles transforment un \u00e9l\u00e9ment utilitaire en pi\u00e8ce ma\u00eetresse d\u00e9corative, \u00e0 la fois fonctionnelle et artistique. Osez montrer ce que d\u2019autres cherchent \u00e0 cacher.<\/p>\n","protected":false},"author":3,"featured_media":0,"parent":780,"menu_order":9,"comment_status":"closed","ping_status":"closed","template":"product_item.php","meta":{"_acf_changed":false,"footnotes":""},"class_list":["post-829","page","type-page","status-publish","hentry"],"acf":[],"_links":{"self":[{"href":"https:\/\/www.boreart.ca\/fr\/wp-json\/wp\/v2\/pages\/829","targetHints":{"allow":["GET"]}}],"collection":[{"href":"https:\/\/www.boreart.ca\/fr\/wp-json\/wp\/v2\/pages"}],"about":[{"href":"https:\/\/www.boreart.ca\/fr\/wp-json\/wp\/v2\/types\/page"}],"author":[{"embeddable":true,"href":"https:\/\/www.boreart.ca\/fr\/wp-json\/wp\/v2\/users\/3"}],"replies":[{"embeddable":true,"href":"https:\/\/www.boreart.ca\/fr\/wp-json\/wp\/v2\/comments?post=829"}],"version-history":[{"count":6,"href":"https:\/\/www.boreart.ca\/fr\/wp-json\/wp\/v2\/pages\/829\/revisions"}],"predecessor-version":[{"id":1409,"href":"https:\/\/www.boreart.ca\/fr\/wp-json\/wp\/v2\/pages\/829\/revisions\/1409"}],"up":[{"embeddable":true,"href":"https:\/\/www.boreart.ca\/fr\/wp-json\/wp\/v2\/pages\/780"}],"wp:attachment":[{"href":"https:\/\/www.boreart.ca\/fr\/wp-json\/wp\/v2\/media?parent=829"}],"curies":[{"name":"wp","href":"https:\/\/api.w.org\/{rel}","templated":true}]}}