{"id":818,"date":"2025-09-15T13:00:41","date_gmt":"2025-09-15T17:00:41","guid":{"rendered":"https:\/\/boreart.mahlea.ca\/nos-produits\/ornamental-ventilation-grilles\/v2-rattan\/"},"modified":"2025-10-20T10:41:19","modified_gmt":"2025-10-20T14:41:19","slug":"v2-rotin","status":"publish","type":"page","link":"https:\/\/www.boreart.ca\/fr\/nos-produits\/ornamental-ventilation-grilles\/v2-rotin\/","title":{"rendered":"V2 &#8211; Rotin"},"content":{"rendered":"\n<p>Nos grilles de ventilation sont con\u00e7ues pour ne plus \u00eatre dissimul\u00e9es, mais mises en valeur comme de v\u00e9ritables \u0153uvres murales. Inspir\u00e9es de motifs multiculturels, elles transforment un \u00e9l\u00e9ment utilitaire en pi\u00e8ce ma\u00eetresse d\u00e9corative, \u00e0 la fois fonctionnelle et artistique. Osez montrer ce que d\u2019autres cherchent \u00e0 cacher.<\/p>\n\n\n\n<ul class=\"wp-block-list\">\n<li>Construction en ACIER<\/li>\n\n\n\n<li>Finition thermolaqu\u00e9e r\u00e9sistante aux \u00e9gratignures, \u00e0 la rouille et \u00e0 l\u2019humidit\u00e9<\/li>\n\n\n\n<li>Motif de ROTIN unique et \u00e9l\u00e9gant<\/li>\n\n\n\n<li>Installation facile<\/li>\n\n\n\n<li>Assure une circulation d\u2019air optimale<\/li>\n\n\n\n<li>Les vis sont comprises<\/li>\n<\/ul>\n\n\n\n<p><\/p>\n","protected":false},"excerpt":{"rendered":"<p>Nos grilles de ventilation sont con\u00e7ues pour ne plus \u00eatre dissimul\u00e9es, mais mises en valeur comme de v\u00e9ritables \u0153uvres murales. Inspir\u00e9es de motifs multiculturels, elles transforment un \u00e9l\u00e9ment utilitaire en pi\u00e8ce ma\u00eetresse d\u00e9corative, \u00e0 la fois fonctionnelle et artistique. Osez montrer ce que d\u2019autres cherchent \u00e0 cacher.<\/p>\n","protected":false},"author":3,"featured_media":0,"parent":780,"menu_order":6,"comment_status":"closed","ping_status":"closed","template":"product_item.php","meta":{"_acf_changed":false,"footnotes":""},"class_list":["post-818","page","type-page","status-publish","hentry"],"acf":[],"_links":{"self":[{"href":"https:\/\/www.boreart.ca\/fr\/wp-json\/wp\/v2\/pages\/818","targetHints":{"allow":["GET"]}}],"collection":[{"href":"https:\/\/www.boreart.ca\/fr\/wp-json\/wp\/v2\/pages"}],"about":[{"href":"https:\/\/www.boreart.ca\/fr\/wp-json\/wp\/v2\/types\/page"}],"author":[{"embeddable":true,"href":"https:\/\/www.boreart.ca\/fr\/wp-json\/wp\/v2\/users\/3"}],"replies":[{"embeddable":true,"href":"https:\/\/www.boreart.ca\/fr\/wp-json\/wp\/v2\/comments?post=818"}],"version-history":[{"count":9,"href":"https:\/\/www.boreart.ca\/fr\/wp-json\/wp\/v2\/pages\/818\/revisions"}],"predecessor-version":[{"id":1569,"href":"https:\/\/www.boreart.ca\/fr\/wp-json\/wp\/v2\/pages\/818\/revisions\/1569"}],"up":[{"embeddable":true,"href":"https:\/\/www.boreart.ca\/fr\/wp-json\/wp\/v2\/pages\/780"}],"wp:attachment":[{"href":"https:\/\/www.boreart.ca\/fr\/wp-json\/wp\/v2\/media?parent=818"}],"curies":[{"name":"wp","href":"https:\/\/api.w.org\/{rel}","templated":true}]}}