{"id":801,"date":"2025-09-15T10:53:53","date_gmt":"2025-09-15T14:53:53","guid":{"rendered":"https:\/\/boreart.mahlea.ca\/nos-produits\/ornamental-ventilation-grilles\/v1-linear\/"},"modified":"2025-10-20T10:05:53","modified_gmt":"2025-10-20T14:05:53","slug":"v1-lineaire","status":"publish","type":"page","link":"https:\/\/www.boreart.ca\/fr\/nos-produits\/ornamental-ventilation-grilles\/v1-lineaire\/","title":{"rendered":"V1 &#8211; Lin\u00e9aire"},"content":{"rendered":"\n<p class=\"has-text-align-left\">Nos grilles de ventilation sont con\u00e7ues pour ne plus \u00eatre dissimul\u00e9es, mais mises en valeur comme de v\u00e9ritables \u0153uvres murales. Inspir\u00e9es de motifs multiculturels, elles transforment un \u00e9l\u00e9ment utilitaire en pi\u00e8ce ma\u00eetresse d\u00e9corative, \u00e0 la fois fonctionnelle et artistique. Osez montrer ce que d\u2019autres cherchent \u00e0 cacher.<\/p>\n\n\n\n<ul class=\"wp-block-list\">\n<li>PERSONNALISABLE, peut \u00eatre peint ou teint de la couleur de votre choix<\/li>\n\n\n\n<li>Motif LIN\u00c9AIRE unique et \u00e9l\u00e9gant<\/li>\n\n\n\n<li>L\u00e9g\u00e8re et durable<\/li>\n\n\n\n<li>Installation facile<\/li>\n\n\n\n<li>Assure une circulation d\u2019air optimale<\/li>\n\n\n\n<li>Les vis sont comprises<\/li>\n<\/ul>\n\n\n\n<p><\/p>\n","protected":false},"excerpt":{"rendered":"<p>Nos grilles de ventilation sont con\u00e7ues pour ne plus \u00eatre dissimul\u00e9es, mais mises en valeur comme de v\u00e9ritables \u0153uvres murales. Inspir\u00e9es de motifs multiculturels, elles transforment un \u00e9l\u00e9ment utilitaire en pi\u00e8ce ma\u00eetresse d\u00e9corative, \u00e0 la fois fonctionnelle et artistique. Osez montrer ce que d\u2019autres cherchent \u00e0 cacher.<\/p>\n","protected":false},"author":3,"featured_media":0,"parent":780,"menu_order":1,"comment_status":"closed","ping_status":"closed","template":"product_item.php","meta":{"_acf_changed":false,"footnotes":""},"class_list":["post-801","page","type-page","status-publish","hentry"],"acf":[],"_links":{"self":[{"href":"https:\/\/www.boreart.ca\/fr\/wp-json\/wp\/v2\/pages\/801","targetHints":{"allow":["GET"]}}],"collection":[{"href":"https:\/\/www.boreart.ca\/fr\/wp-json\/wp\/v2\/pages"}],"about":[{"href":"https:\/\/www.boreart.ca\/fr\/wp-json\/wp\/v2\/types\/page"}],"author":[{"embeddable":true,"href":"https:\/\/www.boreart.ca\/fr\/wp-json\/wp\/v2\/users\/3"}],"replies":[{"embeddable":true,"href":"https:\/\/www.boreart.ca\/fr\/wp-json\/wp\/v2\/comments?post=801"}],"version-history":[{"count":7,"href":"https:\/\/www.boreart.ca\/fr\/wp-json\/wp\/v2\/pages\/801\/revisions"}],"predecessor-version":[{"id":1548,"href":"https:\/\/www.boreart.ca\/fr\/wp-json\/wp\/v2\/pages\/801\/revisions\/1548"}],"up":[{"embeddable":true,"href":"https:\/\/www.boreart.ca\/fr\/wp-json\/wp\/v2\/pages\/780"}],"wp:attachment":[{"href":"https:\/\/www.boreart.ca\/fr\/wp-json\/wp\/v2\/media?parent=801"}],"curies":[{"name":"wp","href":"https:\/\/api.w.org\/{rel}","templated":true}]}}