{"id":795,"date":"2025-09-15T13:09:26","date_gmt":"2025-09-15T17:09:26","guid":{"rendered":"https:\/\/boreart.mahlea.ca\/nos-produits\/privacy-panels\/b1\/"},"modified":"2025-10-10T13:35:27","modified_gmt":"2025-10-10T17:35:27","slug":"b1","status":"publish","type":"page","link":"https:\/\/www.boreart.ca\/fr\/nos-produits\/privacy-panels\/b1\/","title":{"rendered":"B1"},"content":{"rendered":"\n<p>Con\u00e7ue en aluminium de qualit\u00e9 industrielle, notre jardini\u00e8re apporte une touche d&rsquo;\u00e9l\u00e9gance \u00e0 votre espace ext\u00e9rieur tout en conservant sa r\u00e9sistance et sa durabilit\u00e9. Disponible en noir et en blanc, le mod\u00e8le B1 s&rsquo;int\u00e8gre parfaitement \u00e0 votre am\u00e9nagement paysager.<\/p>\n\n\n\n<p><\/p>\n","protected":false},"excerpt":{"rendered":"<p>Con\u00e7ue en aluminium de qualit\u00e9 industrielle, notre jardini\u00e8re apporte une touche d&rsquo;\u00e9l\u00e9gance \u00e0 votre espace ext\u00e9rieur tout en conservant sa r\u00e9sistance et sa durabilit\u00e9. Disponible en noir et en blanc, le mod\u00e8le B1 s&rsquo;int\u00e8gre parfaitement \u00e0 votre am\u00e9nagement paysager.<\/p>\n","protected":false},"author":3,"featured_media":0,"parent":783,"menu_order":3,"comment_status":"closed","ping_status":"closed","template":"product_item.php","meta":{"_acf_changed":false,"footnotes":""},"class_list":["post-795","page","type-page","status-publish","hentry"],"acf":[],"_links":{"self":[{"href":"https:\/\/www.boreart.ca\/fr\/wp-json\/wp\/v2\/pages\/795","targetHints":{"allow":["GET"]}}],"collection":[{"href":"https:\/\/www.boreart.ca\/fr\/wp-json\/wp\/v2\/pages"}],"about":[{"href":"https:\/\/www.boreart.ca\/fr\/wp-json\/wp\/v2\/types\/page"}],"author":[{"embeddable":true,"href":"https:\/\/www.boreart.ca\/fr\/wp-json\/wp\/v2\/users\/3"}],"replies":[{"embeddable":true,"href":"https:\/\/www.boreart.ca\/fr\/wp-json\/wp\/v2\/comments?post=795"}],"version-history":[{"count":3,"href":"https:\/\/www.boreart.ca\/fr\/wp-json\/wp\/v2\/pages\/795\/revisions"}],"predecessor-version":[{"id":1445,"href":"https:\/\/www.boreart.ca\/fr\/wp-json\/wp\/v2\/pages\/795\/revisions\/1445"}],"up":[{"embeddable":true,"href":"https:\/\/www.boreart.ca\/fr\/wp-json\/wp\/v2\/pages\/783"}],"wp:attachment":[{"href":"https:\/\/www.boreart.ca\/fr\/wp-json\/wp\/v2\/media?parent=795"}],"curies":[{"name":"wp","href":"https:\/\/api.w.org\/{rel}","templated":true}]}}