{"id":783,"date":"2025-07-26T09:55:58","date_gmt":"2025-07-26T13:55:58","guid":{"rendered":"https:\/\/boreart.mahlea.ca\/nos-produits\/privacy-panels\/"},"modified":"2025-10-03T12:57:12","modified_gmt":"2025-10-03T16:57:12","slug":"privacy-panels","status":"publish","type":"page","link":"https:\/\/www.boreart.ca\/fr\/nos-produits\/privacy-panels\/","title":{"rendered":"\u00c9crans d&rsquo;intimit\u00e9"},"content":{"rendered":"\n<p>Nos \u00e9crans d&rsquo;intimit\u00e9 offrent un look \u00e9l\u00e9gant et moderne qui embellit tout espace ext\u00e9rieur. Fabriqu\u00e9s en aluminium thermolaqu\u00e9 pour une durabilit\u00e9 maximale, ils r\u00e9sistent \u00e0 toutes les conditions m\u00e9t\u00e9orologiques. Personnalisez votre style avec diff\u00e9rents motifs ou tailles pour cr\u00e9er des zones ombrag\u00e9es et priv\u00e9es sur votre patio ou votre terrasse.<\/p>\n\n\n\n<p><\/p>\n","protected":false},"excerpt":{"rendered":"<p>Nos \u00e9crans d&rsquo;intimit\u00e9 offrent un look \u00e9l\u00e9gant et moderne qui embellit tout espace ext\u00e9rieur. Fabriqu\u00e9s en aluminium thermolaqu\u00e9 pour une durabilit\u00e9 maximale, ils r\u00e9sistent \u00e0 toutes les conditions m\u00e9t\u00e9orologiques. Personnalisez votre style avec diff\u00e9rents motifs ou tailles pour cr\u00e9er des zones ombrag\u00e9es et priv\u00e9es sur votre patio ou votre terrasse.<\/p>\n","protected":false},"author":1,"featured_media":0,"parent":66,"menu_order":3,"comment_status":"closed","ping_status":"closed","template":"product_listing.php","meta":{"_acf_changed":false,"footnotes":""},"class_list":["post-783","page","type-page","status-publish","hentry"],"acf":[],"_links":{"self":[{"href":"https:\/\/www.boreart.ca\/fr\/wp-json\/wp\/v2\/pages\/783","targetHints":{"allow":["GET"]}}],"collection":[{"href":"https:\/\/www.boreart.ca\/fr\/wp-json\/wp\/v2\/pages"}],"about":[{"href":"https:\/\/www.boreart.ca\/fr\/wp-json\/wp\/v2\/types\/page"}],"author":[{"embeddable":true,"href":"https:\/\/www.boreart.ca\/fr\/wp-json\/wp\/v2\/users\/1"}],"replies":[{"embeddable":true,"href":"https:\/\/www.boreart.ca\/fr\/wp-json\/wp\/v2\/comments?post=783"}],"version-history":[{"count":5,"href":"https:\/\/www.boreart.ca\/fr\/wp-json\/wp\/v2\/pages\/783\/revisions"}],"predecessor-version":[{"id":1316,"href":"https:\/\/www.boreart.ca\/fr\/wp-json\/wp\/v2\/pages\/783\/revisions\/1316"}],"up":[{"embeddable":true,"href":"https:\/\/www.boreart.ca\/fr\/wp-json\/wp\/v2\/pages\/66"}],"wp:attachment":[{"href":"https:\/\/www.boreart.ca\/fr\/wp-json\/wp\/v2\/media?parent=783"}],"curies":[{"name":"wp","href":"https:\/\/api.w.org\/{rel}","templated":true}]}}