{"id":780,"date":"2025-07-26T09:54:25","date_gmt":"2025-07-26T13:54:25","guid":{"rendered":"https:\/\/boreart.mahlea.ca\/nos-produits\/ornamental-ventilation-grilles\/"},"modified":"2025-09-22T11:38:40","modified_gmt":"2025-09-22T15:38:40","slug":"ornamental-ventilation-grilles","status":"publish","type":"page","link":"https:\/\/www.boreart.ca\/fr\/nos-produits\/ornamental-ventilation-grilles\/","title":{"rendered":"Grilles de ventilation ornementales"},"content":{"rendered":"\n<p>Id\u00e9ales pour un usage r\u00e9sidentiel et commercial, nos grilles de ventilation ornementales offrent durabilit\u00e9 et style. Les motifs et dimensions personnalis\u00e9s vous permettent de cr\u00e9er des designs uniques qui s&rsquo;harmonisent parfaitement avec votre espace et votre vision. Leur finition raffin\u00e9e en fait un \u00e9l\u00e9ment remarquable tout en garantissant des performances durables.<\/p>\n\n\n\n<p><\/p>\n","protected":false},"excerpt":{"rendered":"<p>Id\u00e9ales pour un usage r\u00e9sidentiel et commercial, nos grilles de ventilation ornementales offrent durabilit\u00e9 et style. Les motifs et dimensions personnalis\u00e9s vous permettent de cr\u00e9er des designs uniques qui s&rsquo;harmonisent parfaitement avec votre espace et votre vision. Leur finition raffin\u00e9e en fait un \u00e9l\u00e9ment remarquable tout en garantissant des performances durables.<\/p>\n","protected":false},"author":1,"featured_media":0,"parent":66,"menu_order":2,"comment_status":"closed","ping_status":"closed","template":"product_listing.php","meta":{"_acf_changed":false,"footnotes":""},"class_list":["post-780","page","type-page","status-publish","hentry"],"acf":[],"_links":{"self":[{"href":"https:\/\/www.boreart.ca\/fr\/wp-json\/wp\/v2\/pages\/780","targetHints":{"allow":["GET"]}}],"collection":[{"href":"https:\/\/www.boreart.ca\/fr\/wp-json\/wp\/v2\/pages"}],"about":[{"href":"https:\/\/www.boreart.ca\/fr\/wp-json\/wp\/v2\/types\/page"}],"author":[{"embeddable":true,"href":"https:\/\/www.boreart.ca\/fr\/wp-json\/wp\/v2\/users\/1"}],"replies":[{"embeddable":true,"href":"https:\/\/www.boreart.ca\/fr\/wp-json\/wp\/v2\/comments?post=780"}],"version-history":[{"count":1,"href":"https:\/\/www.boreart.ca\/fr\/wp-json\/wp\/v2\/pages\/780\/revisions"}],"predecessor-version":[{"id":782,"href":"https:\/\/www.boreart.ca\/fr\/wp-json\/wp\/v2\/pages\/780\/revisions\/782"}],"up":[{"embeddable":true,"href":"https:\/\/www.boreart.ca\/fr\/wp-json\/wp\/v2\/pages\/66"}],"wp:attachment":[{"href":"https:\/\/www.boreart.ca\/fr\/wp-json\/wp\/v2\/media?parent=780"}],"curies":[{"name":"wp","href":"https:\/\/api.w.org\/{rel}","templated":true}]}}