{"id":776,"date":"2025-08-27T20:17:00","date_gmt":"2025-08-28T00:17:00","guid":{"rendered":"https:\/\/boreart.mahlea.ca\/nos-produits\/architectural-wall-and-ceiling-systems\/"},"modified":"2025-10-03T12:53:50","modified_gmt":"2025-10-03T16:53:50","slug":"panneaux-architecturaux-pour-murs-et-plafonds","status":"publish","type":"page","link":"https:\/\/www.boreart.ca\/fr\/nos-produits\/panneaux-architecturaux-pour-murs-et-plafonds\/","title":{"rendered":"Panneaux architecturaux pour murs et plafonds"},"content":{"rendered":"\n<p>\u00c9l\u00e9gants et fonctionnels, nos panneaux architecturaux pour murs et plafonds apportent confort acoustique, s\u00e9curit\u00e9 incendie et design raffin\u00e9 \u00e0 tous les int\u00e9rieurs, qu&rsquo;il s&rsquo;agisse d&rsquo;espaces r\u00e9sidentiels, commerciaux ou institutionnels.<\/p>\n\n\n\n<p><\/p>\n","protected":false},"excerpt":{"rendered":"<p>\u00c9l\u00e9gants et fonctionnels, nos panneaux architecturaux pour murs et plafonds apportent confort acoustique, s\u00e9curit\u00e9 incendie et design raffin\u00e9 \u00e0 tous les int\u00e9rieurs, qu&rsquo;il s&rsquo;agisse d&rsquo;espaces r\u00e9sidentiels, commerciaux ou institutionnels.<\/p>\n","protected":false},"author":1,"featured_media":0,"parent":66,"menu_order":0,"comment_status":"closed","ping_status":"closed","template":"product_listing.php","meta":{"_acf_changed":false,"footnotes":""},"class_list":["post-776","page","type-page","status-publish","hentry"],"acf":[],"_links":{"self":[{"href":"https:\/\/www.boreart.ca\/fr\/wp-json\/wp\/v2\/pages\/776","targetHints":{"allow":["GET"]}}],"collection":[{"href":"https:\/\/www.boreart.ca\/fr\/wp-json\/wp\/v2\/pages"}],"about":[{"href":"https:\/\/www.boreart.ca\/fr\/wp-json\/wp\/v2\/types\/page"}],"author":[{"embeddable":true,"href":"https:\/\/www.boreart.ca\/fr\/wp-json\/wp\/v2\/users\/1"}],"replies":[{"embeddable":true,"href":"https:\/\/www.boreart.ca\/fr\/wp-json\/wp\/v2\/comments?post=776"}],"version-history":[{"count":3,"href":"https:\/\/www.boreart.ca\/fr\/wp-json\/wp\/v2\/pages\/776\/revisions"}],"predecessor-version":[{"id":1311,"href":"https:\/\/www.boreart.ca\/fr\/wp-json\/wp\/v2\/pages\/776\/revisions\/1311"}],"up":[{"embeddable":true,"href":"https:\/\/www.boreart.ca\/fr\/wp-json\/wp\/v2\/pages\/66"}],"wp:attachment":[{"href":"https:\/\/www.boreart.ca\/fr\/wp-json\/wp\/v2\/media?parent=776"}],"curies":[{"name":"wp","href":"https:\/\/api.w.org\/{rel}","templated":true}]}}