{"id":73,"date":"2025-07-06T10:35:27","date_gmt":"2025-07-06T14:35:27","guid":{"rendered":"https:\/\/boreart.mahlea.ca\/about-us\/"},"modified":"2026-04-24T14:28:54","modified_gmt":"2026-04-24T18:28:54","slug":"a-propos","status":"publish","type":"page","link":"https:\/\/www.boreart.ca\/fr\/a-propos\/","title":{"rendered":"\u00c0 propos"},"content":{"rendered":"\n<p>Boreart est une entreprise qu\u00e9b\u00e9coise d\u00e9di\u00e9e \u00e0 la cr\u00e9ation de produits architecturaux haut de gamme qui allient innovation, durabilit\u00e9 et design.<\/p>\n\n\n\n<p>Notre expertise repose sur la fabrication sur mesure de murs et plafonds insonorisant, d&rsquo;\u00e9l\u00e9gants \u00e9crans d&rsquo;intimit\u00e9 et de grilles de ventilation ornementales, tous con\u00e7us avec soins et pr\u00e9cision.<\/p>\n\n\n\n<p>Port\u00e9s par une \u00e9quipe jeune et dynamique, nous croyons que le design architectural doit \u00eatre \u00e0 la fois inspirant et accessible. En privil\u00e9giant la fabrication locale et les principes de l&rsquo;\u00e9conomie circulaire, nous r\u00e9duisons notre impact environnemental tout en soutenant une \u00e9conomie durable fond\u00e9e sur l&rsquo;innovation et le savoir-faire.<\/p>\n\n\n\n<p>Chez Boreart, nous faisons pas que fabriquer des produits, nous contribuons \u00e0 fa\u00e7onner des espaces aussi fonctionnels qu&rsquo;esth\u00e9tiques, b\u00e2tissant l&rsquo;avenir de l&rsquo;architecture un projet \u00e0 la fois.<\/p>\n\n\n\n<p><\/p>\n","protected":false},"excerpt":{"rendered":"<p>Boreart est une entreprise qu\u00e9b\u00e9coise d\u00e9di\u00e9e \u00e0 la cr\u00e9ation de produits architecturaux haut de gamme qui allient innovation, durabilit\u00e9 et design. Notre expertise repose sur la fabrication sur mesure de murs et plafonds insonorisant, d&rsquo;\u00e9l\u00e9gants \u00e9crans d&rsquo;intimit\u00e9 et de grilles de ventilation ornementales, tous con\u00e7us avec soins et pr\u00e9cision. Port\u00e9s par une \u00e9quipe jeune et [&hellip;]<\/p>\n","protected":false},"author":1,"featured_media":0,"parent":0,"menu_order":0,"comment_status":"closed","ping_status":"closed","template":"about.php","meta":{"_acf_changed":false,"footnotes":""},"class_list":["post-73","page","type-page","status-publish","hentry"],"acf":[],"_links":{"self":[{"href":"https:\/\/www.boreart.ca\/fr\/wp-json\/wp\/v2\/pages\/73","targetHints":{"allow":["GET"]}}],"collection":[{"href":"https:\/\/www.boreart.ca\/fr\/wp-json\/wp\/v2\/pages"}],"about":[{"href":"https:\/\/www.boreart.ca\/fr\/wp-json\/wp\/v2\/types\/page"}],"author":[{"embeddable":true,"href":"https:\/\/www.boreart.ca\/fr\/wp-json\/wp\/v2\/users\/1"}],"replies":[{"embeddable":true,"href":"https:\/\/www.boreart.ca\/fr\/wp-json\/wp\/v2\/comments?post=73"}],"version-history":[{"count":11,"href":"https:\/\/www.boreart.ca\/fr\/wp-json\/wp\/v2\/pages\/73\/revisions"}],"predecessor-version":[{"id":1731,"href":"https:\/\/www.boreart.ca\/fr\/wp-json\/wp\/v2\/pages\/73\/revisions\/1731"}],"wp:attachment":[{"href":"https:\/\/www.boreart.ca\/fr\/wp-json\/wp\/v2\/media?parent=73"}],"curies":[{"name":"wp","href":"https:\/\/api.w.org\/{rel}","templated":true}]}}