{"id":64,"date":"2025-07-05T15:17:42","date_gmt":"2025-07-05T19:17:42","guid":{"rendered":"https:\/\/boreart.mahlea.ca\/contact-us\/"},"modified":"2025-09-26T09:08:16","modified_gmt":"2025-09-26T13:08:16","slug":"contact","status":"publish","type":"page","link":"https:\/\/www.boreart.ca\/fr\/contact\/","title":{"rendered":"Contact"},"content":{"rendered":"\n<p>Vous avez une id\u00e9e, un projet ou une question concernant nos produits architecturaux\u202f? Que ce soit pour un espace int\u00e9rieur ou ext\u00e9rieur, notre \u00e9quipe est \u00e0 votre \u00e9coute pour vous guider vers des solutions adapt\u00e9es \u00e0 vos besoins.<\/p>\n\n\n\n<p>Utilisez le formulaire ci-dessous pour entrer en contact avec nous. Vous pouvez \u00e9galement nous joindre directement par t\u00e9l\u00e9phone ou par courriel.<\/p>\n\n\n\n<p>Chaque espace m\u00e9rite une signature durable et esth\u00e9tique. Parlons-en.<\/p>\n","protected":false},"excerpt":{"rendered":"<p>Vous avez une id\u00e9e, un projet ou une question concernant nos produits architecturaux\u202f? Que ce soit pour un espace int\u00e9rieur ou ext\u00e9rieur, notre \u00e9quipe est \u00e0 votre \u00e9coute pour vous guider vers des solutions adapt\u00e9es \u00e0 vos besoins. Utilisez le formulaire ci-dessous pour entrer en contact avec nous. Vous pouvez \u00e9galement nous joindre directement par [&hellip;]<\/p>\n","protected":false},"author":1,"featured_media":0,"parent":0,"menu_order":5,"comment_status":"closed","ping_status":"closed","template":"contact.php","meta":{"_acf_changed":false,"footnotes":""},"class_list":["post-64","page","type-page","status-publish","hentry"],"acf":[],"_links":{"self":[{"href":"https:\/\/www.boreart.ca\/fr\/wp-json\/wp\/v2\/pages\/64","targetHints":{"allow":["GET"]}}],"collection":[{"href":"https:\/\/www.boreart.ca\/fr\/wp-json\/wp\/v2\/pages"}],"about":[{"href":"https:\/\/www.boreart.ca\/fr\/wp-json\/wp\/v2\/types\/page"}],"author":[{"embeddable":true,"href":"https:\/\/www.boreart.ca\/fr\/wp-json\/wp\/v2\/users\/1"}],"replies":[{"embeddable":true,"href":"https:\/\/www.boreart.ca\/fr\/wp-json\/wp\/v2\/comments?post=64"}],"version-history":[{"count":4,"href":"https:\/\/www.boreart.ca\/fr\/wp-json\/wp\/v2\/pages\/64\/revisions"}],"predecessor-version":[{"id":1080,"href":"https:\/\/www.boreart.ca\/fr\/wp-json\/wp\/v2\/pages\/64\/revisions\/1080"}],"wp:attachment":[{"href":"https:\/\/www.boreart.ca\/fr\/wp-json\/wp\/v2\/media?parent=64"}],"curies":[{"name":"wp","href":"https:\/\/api.w.org\/{rel}","templated":true}]}}