{"id":1644,"date":"2026-03-02T11:43:15","date_gmt":"2026-03-02T15:43:15","guid":{"rendered":"https:\/\/www.boreart.ca\/?page_id=1644"},"modified":"2026-03-02T11:43:16","modified_gmt":"2026-03-02T15:43:16","slug":"feutres","status":"publish","type":"page","link":"https:\/\/www.boreart.ca\/fr\/nos-produits\/panneaux-architecturaux-pour-murs-et-plafonds\/feutres\/","title":{"rendered":"Feutres"},"content":{"rendered":"\n<p>Notre feutre est fabriqu\u00e9 \u00e0 partir de laine carbonis\u00e9e, trait\u00e9e avec une solution l\u00e9g\u00e8re de paraffine pour offrir une r\u00e9sistance \u00e0 l&rsquo;eau, teint\u00e9e avec des colorants v\u00e9g\u00e9taux \u00e9cologiques, et coup\u00e9e court pour pr\u00e9venir la formation de bouloches en surface. Notre feutre de designer en m\u00e9lange de laine M\u00e9rinos r\u00e9pond aux exigences human-\u00e9cologiques du standard Oeko-Tex\u00ae 100, et est certifi\u00e9 comme durable, biod\u00e9gradable et exempt de substances nocives. Notre feutre a \u00e9t\u00e9 test\u00e9 et a r\u00e9ussi le test CAN\/ULC-S102 concernant la propagation du feu et la formation de fum\u00e9e, et est certifi\u00e9 pour une utilisation architecturale dans des b\u00e2timents commerciaux.<\/p>\n\n\n\n<p><\/p>\n","protected":false},"excerpt":{"rendered":"<p>Notre feutre est fabriqu\u00e9 \u00e0 partir de laine carbonis\u00e9e, trait\u00e9e avec une solution l\u00e9g\u00e8re de paraffine pour offrir une r\u00e9sistance \u00e0 l&rsquo;eau, teint\u00e9e avec des colorants v\u00e9g\u00e9taux \u00e9cologiques, et coup\u00e9e court pour pr\u00e9venir la formation de bouloches en surface. Notre feutre de designer en m\u00e9lange de laine M\u00e9rinos r\u00e9pond aux exigences human-\u00e9cologiques du standard Oeko-Tex\u00ae [&hellip;]<\/p>\n","protected":false},"author":3,"featured_media":0,"parent":776,"menu_order":12,"comment_status":"closed","ping_status":"closed","template":"product_item.php","meta":{"_acf_changed":false,"footnotes":""},"class_list":["post-1644","page","type-page","status-publish","hentry"],"acf":[],"_links":{"self":[{"href":"https:\/\/www.boreart.ca\/fr\/wp-json\/wp\/v2\/pages\/1644","targetHints":{"allow":["GET"]}}],"collection":[{"href":"https:\/\/www.boreart.ca\/fr\/wp-json\/wp\/v2\/pages"}],"about":[{"href":"https:\/\/www.boreart.ca\/fr\/wp-json\/wp\/v2\/types\/page"}],"author":[{"embeddable":true,"href":"https:\/\/www.boreart.ca\/fr\/wp-json\/wp\/v2\/users\/3"}],"replies":[{"embeddable":true,"href":"https:\/\/www.boreart.ca\/fr\/wp-json\/wp\/v2\/comments?post=1644"}],"version-history":[{"count":2,"href":"https:\/\/www.boreart.ca\/fr\/wp-json\/wp\/v2\/pages\/1644\/revisions"}],"predecessor-version":[{"id":1650,"href":"https:\/\/www.boreart.ca\/fr\/wp-json\/wp\/v2\/pages\/1644\/revisions\/1650"}],"up":[{"embeddable":true,"href":"https:\/\/www.boreart.ca\/fr\/wp-json\/wp\/v2\/pages\/776"}],"wp:attachment":[{"href":"https:\/\/www.boreart.ca\/fr\/wp-json\/wp\/v2\/media?parent=1644"}],"curies":[{"name":"wp","href":"https:\/\/api.w.org\/{rel}","templated":true}]}}