{"id":1455,"date":"2025-10-17T12:32:53","date_gmt":"2025-10-17T16:32:53","guid":{"rendered":"https:\/\/www.boreart.ca\/?page_id=1455"},"modified":"2026-03-02T10:58:52","modified_gmt":"2026-03-02T14:58:52","slug":"saint-charles-cintre","status":"publish","type":"page","link":"https:\/\/www.boreart.ca\/fr\/nos-produits\/panneaux-architecturaux-pour-murs-et-plafonds\/saint-charles-cintre\/","title":{"rendered":"Saint-Charles Cintr\u00e9"},"content":{"rendered":"\n<p>Alliant performance acoustique et design architectural, la S\u00e9rie Signature Saint-Charles Cintr\u00e9 offre des panneaux insonorisants haut de gamme con\u00e7us pour les murs et plafonds int\u00e9rieurs. Gr\u00e2ce \u00e0 leur capacit\u00e9 d\u2019absorption sonore, ils \u00e9liminent la r\u00e9verb\u00e9ration et assurent un confort acoustique optimal. Faciles \u00e0 installer, ces panneaux sont compos\u00e9s d\u2019un placage de v\u00e9ritable bois de qualit\u00e9 sup\u00e9rieure, lamin\u00e9 sur un MDF naturel ou noir, pour un fini \u00e9l\u00e9gant et durable. Nos murs et plafonds architecturaux sont fabriqu\u00e9s \u00e0 partir de panneaux de bois d&rsquo;ing\u00e9nierie ignifug\u00e9s trait\u00e9s pour r\u00e9pondre \u00e0 la certification Classe A \/ Classe 1. Con\u00e7us pour une utilisation en int\u00e9rieur dans des environnements r\u00e9sidentiels, commerciaux et institutionnels.<\/p>\n\n\n\n<p>Les panneaux peuvent \u00eatre cintr\u00e9s vers l\u2019int\u00e9rieur (concave) ou vers l\u2019ext\u00e9rieur (convexe), selon les besoins du projet. Cette particularit\u00e9 permet une grande libert\u00e9 de conception et d\u2019int\u00e9gration dans des environnements aux formes courbes ou aux volumes complexes, sans compromettre la performance acoustique ni la qualit\u00e9 esth\u00e9tique.<\/p>\n\n\n\n<p><\/p>\n\n\n\n<p><\/p>\n","protected":false},"excerpt":{"rendered":"<p>Alliant performance acoustique et design architectural, la S\u00e9rie Signature Saint-Charles Cintr\u00e9 offre des panneaux insonorisants haut de gamme con\u00e7us pour les murs et plafonds int\u00e9rieurs. Gr\u00e2ce \u00e0 leur capacit\u00e9 d\u2019absorption sonore, ils \u00e9liminent la r\u00e9verb\u00e9ration et assurent un confort acoustique optimal. Faciles \u00e0 installer, ces panneaux sont compos\u00e9s d\u2019un placage de v\u00e9ritable bois de qualit\u00e9 [&hellip;]<\/p>\n","protected":false},"author":3,"featured_media":0,"parent":776,"menu_order":1,"comment_status":"closed","ping_status":"closed","template":"product_item.php","meta":{"_acf_changed":false,"footnotes":""},"class_list":["post-1455","page","type-page","status-publish","hentry"],"acf":[],"_links":{"self":[{"href":"https:\/\/www.boreart.ca\/fr\/wp-json\/wp\/v2\/pages\/1455","targetHints":{"allow":["GET"]}}],"collection":[{"href":"https:\/\/www.boreart.ca\/fr\/wp-json\/wp\/v2\/pages"}],"about":[{"href":"https:\/\/www.boreart.ca\/fr\/wp-json\/wp\/v2\/types\/page"}],"author":[{"embeddable":true,"href":"https:\/\/www.boreart.ca\/fr\/wp-json\/wp\/v2\/users\/3"}],"replies":[{"embeddable":true,"href":"https:\/\/www.boreart.ca\/fr\/wp-json\/wp\/v2\/comments?post=1455"}],"version-history":[{"count":3,"href":"https:\/\/www.boreart.ca\/fr\/wp-json\/wp\/v2\/pages\/1455\/revisions"}],"predecessor-version":[{"id":1598,"href":"https:\/\/www.boreart.ca\/fr\/wp-json\/wp\/v2\/pages\/1455\/revisions\/1598"}],"up":[{"embeddable":true,"href":"https:\/\/www.boreart.ca\/fr\/wp-json\/wp\/v2\/pages\/776"}],"wp:attachment":[{"href":"https:\/\/www.boreart.ca\/fr\/wp-json\/wp\/v2\/media?parent=1455"}],"curies":[{"name":"wp","href":"https:\/\/api.w.org\/{rel}","templated":true}]}}